{"id":94,"date":"2021-05-11T12:41:22","date_gmt":"2021-05-11T12:41:22","guid":{"rendered":"https:\/\/vimmerby.solsbovilt.se\/?post_type=product&#038;p=94"},"modified":"2021-05-11T12:46:23","modified_gmt":"2021-05-11T12:46:23","slug":"foderhink-16-liter-med-lock","status":"publish","type":"product","link":"https:\/\/vimmerby.solsbovilt.se\/?product=foderhink-16-liter-med-lock","title":{"rendered":"Foderhink 16 liter med lock"},"content":{"rendered":"","protected":false},"excerpt":{"rendered":"<p>Hinken \u00e4r livsmedelsgodk\u00e4nd s\u00e5 den avger inga farliga \u00e4mnen vid kontakt med livsmedel. Perfekt att f\u00f6rvara foder i p\u00e5 v\u00e4g ut till din \u00e5tel- eller foderplats. Eller varf\u00f6r inte till f\u00f6rvaring av h\u00f6stens frukt och b\u00e4r?<\/p>\n","protected":false},"featured_media":95,"template":"","meta":[],"product_brand":[],"product_cat":[29],"product_tag":[],"class_list":{"0":"post-94","1":"product","2":"type-product","3":"status-publish","4":"has-post-thumbnail","6":"product_cat-tillbehor-atel","7":"entry","9":"first","10":"instock","11":"taxable","12":"shipping-taxable","13":"purchasable","14":"product-type-simple"},"_links":{"self":[{"href":"https:\/\/vimmerby.solsbovilt.se\/index.php?rest_route=\/wp\/v2\/product\/94","targetHints":{"allow":["GET"]}}],"collection":[{"href":"https:\/\/vimmerby.solsbovilt.se\/index.php?rest_route=\/wp\/v2\/product"}],"about":[{"href":"https:\/\/vimmerby.solsbovilt.se\/index.php?rest_route=\/wp\/v2\/types\/product"}],"wp:featuredmedia":[{"embeddable":true,"href":"https:\/\/vimmerby.solsbovilt.se\/index.php?rest_route=\/wp\/v2\/media\/95"}],"wp:attachment":[{"href":"https:\/\/vimmerby.solsbovilt.se\/index.php?rest_route=%2Fwp%2Fv2%2Fmedia&parent=94"}],"wp:term":[{"taxonomy":"product_brand","embeddable":true,"href":"https:\/\/vimmerby.solsbovilt.se\/index.php?rest_route=%2Fwp%2Fv2%2Fproduct_brand&post=94"},{"taxonomy":"product_cat","embeddable":true,"href":"https:\/\/vimmerby.solsbovilt.se\/index.php?rest_route=%2Fwp%2Fv2%2Fproduct_cat&post=94"},{"taxonomy":"product_tag","embeddable":true,"href":"https:\/\/vimmerby.solsbovilt.se\/index.php?rest_route=%2Fwp%2Fv2%2Fproduct_tag&post=94"}],"curies":[{"name":"wp","href":"https:\/\/api.w.org\/{rel}","templated":true}]}}