{"id":89,"date":"2021-05-06T10:14:09","date_gmt":"2021-05-06T10:14:09","guid":{"rendered":"https:\/\/vimmerby.solsbovilt.se\/?post_type=product&#038;p=89"},"modified":"2021-05-06T10:14:09","modified_gmt":"2021-05-06T10:14:09","slug":"flexifastet","status":"publish","type":"product","link":"https:\/\/vimmerby.solsbovilt.se\/?product=flexifastet","title":{"rendered":"Flexif\u00e4stet"},"content":{"rendered":"","protected":false},"excerpt":{"rendered":"<p>Tr\u00f6tt p\u00e5 att l\u00e4gga tid p\u00e5 att f\u00e4sta upp din \u00e5tel- eller \u00f6vervakningskamera? Nu \u00e4r det slut med det om du anv\u00e4nder dig av Flexif\u00e4stet. Dessutom kan du f\u00e5 en bra hylla till ditt externa batteri s\u00e5 har du l\u00f6st f\u00f6rvaringen av det med.<\/p>\n","protected":false},"featured_media":0,"template":"","meta":[],"product_brand":[],"product_cat":[23],"product_tag":[],"class_list":{"0":"post-89","1":"product","2":"type-product","3":"status-publish","5":"product_cat-tillbehor-atelkamera","6":"entry","8":"first","9":"instock","10":"taxable","11":"shipping-taxable","12":"purchasable","13":"product-type-simple"},"_links":{"self":[{"href":"https:\/\/vimmerby.solsbovilt.se\/index.php?rest_route=\/wp\/v2\/product\/89","targetHints":{"allow":["GET"]}}],"collection":[{"href":"https:\/\/vimmerby.solsbovilt.se\/index.php?rest_route=\/wp\/v2\/product"}],"about":[{"href":"https:\/\/vimmerby.solsbovilt.se\/index.php?rest_route=\/wp\/v2\/types\/product"}],"wp:attachment":[{"href":"https:\/\/vimmerby.solsbovilt.se\/index.php?rest_route=%2Fwp%2Fv2%2Fmedia&parent=89"}],"wp:term":[{"taxonomy":"product_brand","embeddable":true,"href":"https:\/\/vimmerby.solsbovilt.se\/index.php?rest_route=%2Fwp%2Fv2%2Fproduct_brand&post=89"},{"taxonomy":"product_cat","embeddable":true,"href":"https:\/\/vimmerby.solsbovilt.se\/index.php?rest_route=%2Fwp%2Fv2%2Fproduct_cat&post=89"},{"taxonomy":"product_tag","embeddable":true,"href":"https:\/\/vimmerby.solsbovilt.se\/index.php?rest_route=%2Fwp%2Fv2%2Fproduct_tag&post=89"}],"curies":[{"name":"wp","href":"https:\/\/api.w.org\/{rel}","templated":true}]}}