{"id":81,"date":"2021-05-06T09:52:20","date_gmt":"2021-05-06T09:52:20","guid":{"rendered":"https:\/\/vimmerby.solsbovilt.se\/?post_type=product&#038;p=81"},"modified":"2021-05-06T09:59:16","modified_gmt":"2021-05-06T09:59:16","slug":"rafflade-vackpasar","status":"publish","type":"product","link":"https:\/\/vimmerby.solsbovilt.se\/?product=rafflade-vackpasar","title":{"rendered":"R\u00e4fflade vackp\u00e5sar"},"content":{"rendered":"","protected":false},"excerpt":{"rendered":"<p>R\u00e4fflade vackp\u00e5sar med rej\u00e4l tjocklek. Fungerar alldeles utm\u00e4rkt till sous-vidematlagning.<\/p>\n","protected":false},"featured_media":0,"template":"","meta":[],"product_brand":[],"product_cat":[22],"product_tag":[],"class_list":{"0":"post-81","1":"product","2":"type-product","3":"status-publish","5":"product_cat-vackforpackning","6":"entry","8":"first","9":"instock","10":"taxable","11":"shipping-taxable","12":"purchasable","13":"product-type-variable"},"_links":{"self":[{"href":"https:\/\/vimmerby.solsbovilt.se\/index.php?rest_route=\/wp\/v2\/product\/81","targetHints":{"allow":["GET"]}}],"collection":[{"href":"https:\/\/vimmerby.solsbovilt.se\/index.php?rest_route=\/wp\/v2\/product"}],"about":[{"href":"https:\/\/vimmerby.solsbovilt.se\/index.php?rest_route=\/wp\/v2\/types\/product"}],"wp:attachment":[{"href":"https:\/\/vimmerby.solsbovilt.se\/index.php?rest_route=%2Fwp%2Fv2%2Fmedia&parent=81"}],"wp:term":[{"taxonomy":"product_brand","embeddable":true,"href":"https:\/\/vimmerby.solsbovilt.se\/index.php?rest_route=%2Fwp%2Fv2%2Fproduct_brand&post=81"},{"taxonomy":"product_cat","embeddable":true,"href":"https:\/\/vimmerby.solsbovilt.se\/index.php?rest_route=%2Fwp%2Fv2%2Fproduct_cat&post=81"},{"taxonomy":"product_tag","embeddable":true,"href":"https:\/\/vimmerby.solsbovilt.se\/index.php?rest_route=%2Fwp%2Fv2%2Fproduct_tag&post=81"}],"curies":[{"name":"wp","href":"https:\/\/api.w.org\/{rel}","templated":true}]}}