{"id":70,"date":"2021-05-04T12:41:23","date_gmt":"2021-05-04T12:41:23","guid":{"rendered":"https:\/\/vimmerby.solsbovilt.se\/?post_type=product&#038;p=70"},"modified":"2021-05-04T12:48:41","modified_gmt":"2021-05-04T12:48:41","slug":"munskydd","status":"publish","type":"product","link":"https:\/\/vimmerby.solsbovilt.se\/?product=munskydd","title":{"rendered":"Munskydd"},"content":{"rendered":"","protected":false},"excerpt":{"rendered":"<p>Skydda b\u00e5de dig och andra mot virus, exempelvis Corona. Passa p\u00e5 och visa \u00f6vriga medlemmar att du \u00e4r god kamrat och erbjud dem ett munskydd n\u00e4r ni \u00e4r tillsammans. B\u00e5de f\u00f6r dig och f\u00f6r din kompis. 50 st munskydd i varje f\u00f6rpackning.<\/p>\n","protected":false},"featured_media":0,"template":"","meta":[],"product_brand":[],"product_cat":[21],"product_tag":[],"class_list":{"0":"post-70","1":"product","2":"type-product","3":"status-publish","5":"product_cat-skyddsutrustning","6":"pa_antal-forpackningar-1-pack","7":"pa_antal-forpackningar-3-pack","8":"entry","10":"first","11":"instock","12":"taxable","13":"shipping-taxable","14":"purchasable","15":"product-type-variable"},"_links":{"self":[{"href":"https:\/\/vimmerby.solsbovilt.se\/index.php?rest_route=\/wp\/v2\/product\/70","targetHints":{"allow":["GET"]}}],"collection":[{"href":"https:\/\/vimmerby.solsbovilt.se\/index.php?rest_route=\/wp\/v2\/product"}],"about":[{"href":"https:\/\/vimmerby.solsbovilt.se\/index.php?rest_route=\/wp\/v2\/types\/product"}],"wp:attachment":[{"href":"https:\/\/vimmerby.solsbovilt.se\/index.php?rest_route=%2Fwp%2Fv2%2Fmedia&parent=70"}],"wp:term":[{"taxonomy":"product_brand","embeddable":true,"href":"https:\/\/vimmerby.solsbovilt.se\/index.php?rest_route=%2Fwp%2Fv2%2Fproduct_brand&post=70"},{"taxonomy":"product_cat","embeddable":true,"href":"https:\/\/vimmerby.solsbovilt.se\/index.php?rest_route=%2Fwp%2Fv2%2Fproduct_cat&post=70"},{"taxonomy":"product_tag","embeddable":true,"href":"https:\/\/vimmerby.solsbovilt.se\/index.php?rest_route=%2Fwp%2Fv2%2Fproduct_tag&post=70"}],"curies":[{"name":"wp","href":"https:\/\/api.w.org\/{rel}","templated":true}]}}