{"id":59,"date":"2021-05-04T12:16:29","date_gmt":"2021-05-04T12:16:29","guid":{"rendered":"https:\/\/vimmerby.solsbovilt.se\/?post_type=product&#038;p=59"},"modified":"2021-05-04T12:18:07","modified_gmt":"2021-05-04T12:18:07","slug":"lattflytande-tjara-600-ml","status":"publish","type":"product","link":"https:\/\/vimmerby.solsbovilt.se\/?product=lattflytande-tjara-600-ml","title":{"rendered":"L\u00e4ttflytande tj\u00e4ra 600 ml"},"content":{"rendered":"","protected":false},"excerpt":{"rendered":"<p>Vi har fokus p\u00e5 att v\u00e5ra produkter ska vara anv\u00e4ndbara och l\u00e4tthanterade. Denna tj\u00e4ra \u00e4r inget undantag fr\u00e5n denna regel. Den \u00e4r baserad p\u00e5 ren, v\u00e4ldoftande furutj\u00e4ra d\u00e4r vi genom en egenutvecklad teknik kan f\u00e5 den l\u00e4ttflytande utan l\u00f6sningsmedel. Denna f\u00f6rpackning har en pensel i locket s\u00e5 du kan styra m\u00e4ngden tj\u00e4ra p\u00e5 den platsen du vill. Du slipper kladd genom att burken f\u00f6rsluts med skruvkork.<\/p>\n","protected":false},"featured_media":0,"template":"","meta":[],"product_brand":[],"product_cat":[18],"product_tag":[],"class_list":{"0":"post-59","1":"product","2":"type-product","3":"status-publish","5":"product_cat-tjara","6":"pa_antal-forpackningar-1-pack","7":"pa_antal-forpackningar-3-pack","8":"entry","10":"first","11":"instock","12":"taxable","13":"shipping-taxable","14":"purchasable","15":"product-type-variable"},"_links":{"self":[{"href":"https:\/\/vimmerby.solsbovilt.se\/index.php?rest_route=\/wp\/v2\/product\/59","targetHints":{"allow":["GET"]}}],"collection":[{"href":"https:\/\/vimmerby.solsbovilt.se\/index.php?rest_route=\/wp\/v2\/product"}],"about":[{"href":"https:\/\/vimmerby.solsbovilt.se\/index.php?rest_route=\/wp\/v2\/types\/product"}],"wp:attachment":[{"href":"https:\/\/vimmerby.solsbovilt.se\/index.php?rest_route=%2Fwp%2Fv2%2Fmedia&parent=59"}],"wp:term":[{"taxonomy":"product_brand","embeddable":true,"href":"https:\/\/vimmerby.solsbovilt.se\/index.php?rest_route=%2Fwp%2Fv2%2Fproduct_brand&post=59"},{"taxonomy":"product_cat","embeddable":true,"href":"https:\/\/vimmerby.solsbovilt.se\/index.php?rest_route=%2Fwp%2Fv2%2Fproduct_cat&post=59"},{"taxonomy":"product_tag","embeddable":true,"href":"https:\/\/vimmerby.solsbovilt.se\/index.php?rest_route=%2Fwp%2Fv2%2Fproduct_tag&post=59"}],"curies":[{"name":"wp","href":"https:\/\/api.w.org\/{rel}","templated":true}]}}