{"id":55,"date":"2021-05-04T12:12:24","date_gmt":"2021-05-04T12:12:24","guid":{"rendered":"https:\/\/vimmerby.solsbovilt.se\/?post_type=product&#038;p=55"},"modified":"2021-05-04T12:14:43","modified_gmt":"2021-05-04T12:14:43","slug":"melass-5-kilo","status":"publish","type":"product","link":"https:\/\/vimmerby.solsbovilt.se\/?product=melass-5-kilo","title":{"rendered":"Melass 5 kilo"},"content":{"rendered":"","protected":false},"excerpt":{"rendered":"<p>Ge viltet ett fodertillskott i form av melass. P\u00e5verkar matsm\u00e4ltningen positivt och \u00f6kar smakligheten p\u00e5 det foder du anv\u00e4nder.<\/p>\n","protected":false},"featured_media":0,"template":"","meta":[],"product_brand":[],"product_cat":[19],"product_tag":[],"class_list":{"0":"post-55","1":"product","2":"type-product","3":"status-publish","5":"product_cat-foder","6":"pa_antal-forpackningar-1-pack","7":"pa_antal-forpackningar-3-pack","8":"pa_antal-forpackningar-helpall-750-kg","9":"entry","11":"first","12":"instock","13":"taxable","14":"shipping-taxable","15":"purchasable","16":"product-type-variable"},"_links":{"self":[{"href":"https:\/\/vimmerby.solsbovilt.se\/index.php?rest_route=\/wp\/v2\/product\/55","targetHints":{"allow":["GET"]}}],"collection":[{"href":"https:\/\/vimmerby.solsbovilt.se\/index.php?rest_route=\/wp\/v2\/product"}],"about":[{"href":"https:\/\/vimmerby.solsbovilt.se\/index.php?rest_route=\/wp\/v2\/types\/product"}],"wp:attachment":[{"href":"https:\/\/vimmerby.solsbovilt.se\/index.php?rest_route=%2Fwp%2Fv2%2Fmedia&parent=55"}],"wp:term":[{"taxonomy":"product_brand","embeddable":true,"href":"https:\/\/vimmerby.solsbovilt.se\/index.php?rest_route=%2Fwp%2Fv2%2Fproduct_brand&post=55"},{"taxonomy":"product_cat","embeddable":true,"href":"https:\/\/vimmerby.solsbovilt.se\/index.php?rest_route=%2Fwp%2Fv2%2Fproduct_cat&post=55"},{"taxonomy":"product_tag","embeddable":true,"href":"https:\/\/vimmerby.solsbovilt.se\/index.php?rest_route=%2Fwp%2Fv2%2Fproduct_tag&post=55"}],"curies":[{"name":"wp","href":"https:\/\/api.w.org\/{rel}","templated":true}]}}