{"id":25,"date":"2021-05-04T11:33:43","date_gmt":"2021-05-04T11:33:43","guid":{"rendered":"https:\/\/vimmerby.solsbovilt.se\/?post_type=product&#038;p=25"},"modified":"2021-05-04T11:45:19","modified_gmt":"2021-05-04T11:45:19","slug":"majs-25-kilo","status":"publish","type":"product","link":"https:\/\/vimmerby.solsbovilt.se\/?product=majs-25-kilo","title":{"rendered":"Majs 25 kilo"},"content":{"rendered":"","protected":false},"excerpt":{"rendered":"<p>Helt enkelt ren och fin majs f\u00f6rpackad i en bra plasts\u00e4ck som t\u00e5l h\u00e5rda tag utan att g\u00e5 s\u00f6nder.<\/p>\n","protected":false},"featured_media":0,"template":"","meta":[],"product_brand":[],"product_cat":[19],"product_tag":[],"class_list":{"0":"post-25","1":"product","2":"type-product","3":"status-publish","5":"product_cat-foder","6":"pa_antal-forpackningar-1-pack","7":"pa_antal-forpackningar-3-pack","8":"pa_antal-forpackningar-helpall-750-kg","9":"entry","11":"first","12":"instock","13":"taxable","14":"shipping-taxable","15":"purchasable","16":"product-type-variable"},"_links":{"self":[{"href":"https:\/\/vimmerby.solsbovilt.se\/index.php?rest_route=\/wp\/v2\/product\/25","targetHints":{"allow":["GET"]}}],"collection":[{"href":"https:\/\/vimmerby.solsbovilt.se\/index.php?rest_route=\/wp\/v2\/product"}],"about":[{"href":"https:\/\/vimmerby.solsbovilt.se\/index.php?rest_route=\/wp\/v2\/types\/product"}],"wp:attachment":[{"href":"https:\/\/vimmerby.solsbovilt.se\/index.php?rest_route=%2Fwp%2Fv2%2Fmedia&parent=25"}],"wp:term":[{"taxonomy":"product_brand","embeddable":true,"href":"https:\/\/vimmerby.solsbovilt.se\/index.php?rest_route=%2Fwp%2Fv2%2Fproduct_brand&post=25"},{"taxonomy":"product_cat","embeddable":true,"href":"https:\/\/vimmerby.solsbovilt.se\/index.php?rest_route=%2Fwp%2Fv2%2Fproduct_cat&post=25"},{"taxonomy":"product_tag","embeddable":true,"href":"https:\/\/vimmerby.solsbovilt.se\/index.php?rest_route=%2Fwp%2Fv2%2Fproduct_tag&post=25"}],"curies":[{"name":"wp","href":"https:\/\/api.w.org\/{rel}","templated":true}]}}