{"id":14,"date":"2021-05-04T11:08:56","date_gmt":"2021-05-04T11:08:56","guid":{"rendered":"https:\/\/vimmerby.solsbovilt.se\/?post_type=product&#038;p=14"},"modified":"2021-05-04T11:47:24","modified_gmt":"2021-05-04T11:47:24","slug":"lattflytande-tjara-1-liter","status":"publish","type":"product","link":"https:\/\/vimmerby.solsbovilt.se\/?product=lattflytande-tjara-1-liter","title":{"rendered":"L\u00e4ttflytande tj\u00e4ra 1 liter"},"content":{"rendered":"","protected":false},"excerpt":{"rendered":"<p>Vi har fokus p\u00e5 att v\u00e5ra produkter ska vara anv\u00e4ndbara och l\u00e4tthanterade. Denna tj\u00e4ra \u00e4r inget undantag fr\u00e5n denna regel. Den \u00e4r baserad p\u00e5 ren, v\u00e4ldoftande furutj\u00e4ra d\u00e4r vi genom en egenutvecklad teknik kan f\u00e5 den l\u00e4ttflytande utan l\u00f6sningsmedel. Oavsett v\u00e4derlek \u00e4r den l\u00e4tt att applicera utan verktyg. \u00d6ppna korken, sikta och spruta p\u00e5 ett tr\u00e4d eller n\u00e5gon annan plats som du vill att framf\u00f6rallt vildsvinen ska uppeh\u00e5lla sig vid.<\/p>\n","protected":false},"featured_media":0,"template":"","meta":[],"product_brand":[],"product_cat":[18],"product_tag":[],"class_list":{"0":"post-14","1":"product","2":"type-product","3":"status-publish","5":"product_cat-tjara","6":"pa_antal-forpackningar-1-pack","7":"pa_antal-forpackningar-3-pack","8":"entry","10":"first","11":"instock","12":"taxable","13":"shipping-taxable","14":"purchasable","15":"product-type-variable"},"_links":{"self":[{"href":"https:\/\/vimmerby.solsbovilt.se\/index.php?rest_route=\/wp\/v2\/product\/14","targetHints":{"allow":["GET"]}}],"collection":[{"href":"https:\/\/vimmerby.solsbovilt.se\/index.php?rest_route=\/wp\/v2\/product"}],"about":[{"href":"https:\/\/vimmerby.solsbovilt.se\/index.php?rest_route=\/wp\/v2\/types\/product"}],"wp:attachment":[{"href":"https:\/\/vimmerby.solsbovilt.se\/index.php?rest_route=%2Fwp%2Fv2%2Fmedia&parent=14"}],"wp:term":[{"taxonomy":"product_brand","embeddable":true,"href":"https:\/\/vimmerby.solsbovilt.se\/index.php?rest_route=%2Fwp%2Fv2%2Fproduct_brand&post=14"},{"taxonomy":"product_cat","embeddable":true,"href":"https:\/\/vimmerby.solsbovilt.se\/index.php?rest_route=%2Fwp%2Fv2%2Fproduct_cat&post=14"},{"taxonomy":"product_tag","embeddable":true,"href":"https:\/\/vimmerby.solsbovilt.se\/index.php?rest_route=%2Fwp%2Fv2%2Fproduct_tag&post=14"}],"curies":[{"name":"wp","href":"https:\/\/api.w.org\/{rel}","templated":true}]}}